{"id":5,"date":"2025-12-23T19:01:00","date_gmt":"2025-12-23T18:01:00","guid":{"rendered":"https:\/\/temp.zimmereikunst.at\/?page_id=5"},"modified":"2025-12-23T19:01:04","modified_gmt":"2025-12-23T18:01:04","slug":"datenschutzerklaerung","status":"publish","type":"page","link":"https:\/\/zimmereikunst.at\/?page_id=5","title":{"rendered":"Datenschutzerkl\u00e4rung"},"content":{"rendered":"<style>.kb-row-layout-id5_7e0db9-ad > .kt-row-column-wrap{align-content:start;}:where(.kb-row-layout-id5_7e0db9-ad > .kt-row-column-wrap) > .wp-block-kadence-column{justify-content:start;}.kb-row-layout-id5_7e0db9-ad > .kt-row-column-wrap{column-gap:var(--global-kb-gap-md, 2rem);row-gap:var(--global-kb-gap-md, 2rem);padding-top:var(--global-kb-spacing-sm, 1.5rem);padding-bottom:var(--global-kb-spacing-sm, 1.5rem);grid-template-columns:minmax(0, 1fr);}.kb-row-layout-id5_7e0db9-ad > .kt-row-layout-overlay{opacity:0.30;}@media all and (max-width: 1024px){.kb-row-layout-id5_7e0db9-ad > .kt-row-column-wrap{grid-template-columns:minmax(0, 1fr);}}@media all and (max-width: 767px){.kb-row-layout-id5_7e0db9-ad > .kt-row-column-wrap{grid-template-columns:minmax(0, 1fr);}}<\/style><div class=\"kb-row-layout-wrap kb-row-layout-id5_7e0db9-ad alignnone wp-block-kadence-rowlayout\"><div class=\"kt-row-column-wrap kt-has-1-columns kt-row-layout-equal kt-tab-layout-inherit kt-mobile-layout-row kt-row-valign-top\">\n<style>.kadence-column5_af01e6-e9 > .kt-inside-inner-col,.kadence-column5_af01e6-e9 > .kt-inside-inner-col:before{border-top-left-radius:0px;border-top-right-radius:0px;border-bottom-right-radius:0px;border-bottom-left-radius:0px;}.kadence-column5_af01e6-e9 > .kt-inside-inner-col{column-gap:var(--global-kb-gap-sm, 1rem);}.kadence-column5_af01e6-e9 > .kt-inside-inner-col{flex-direction:column;}.kadence-column5_af01e6-e9 > .kt-inside-inner-col > .aligncenter{width:100%;}.kadence-column5_af01e6-e9 > .kt-inside-inner-col:before{opacity:0.3;}.kadence-column5_af01e6-e9{position:relative;}@media all and (max-width: 1024px){.kadence-column5_af01e6-e9 > .kt-inside-inner-col{flex-direction:column;justify-content:center;}}@media all and (max-width: 767px){.kadence-column5_af01e6-e9 > .kt-inside-inner-col{flex-direction:column;justify-content:center;}}<\/style>\n<div class=\"wp-block-kadence-column kadence-column5_af01e6-e9\"><div class=\"kt-inside-inner-col\"><style>.wp-block-kadence-advancedheading.kt-adv-heading5_8574e6-79, .wp-block-kadence-advancedheading.kt-adv-heading5_8574e6-79[data-kb-block=\"kb-adv-heading5_8574e6-79\"]{font-style:normal;}.wp-block-kadence-advancedheading.kt-adv-heading5_8574e6-79 mark.kt-highlight, .wp-block-kadence-advancedheading.kt-adv-heading5_8574e6-79[data-kb-block=\"kb-adv-heading5_8574e6-79\"] mark.kt-highlight{font-style:normal;color:#f76a0c;-webkit-box-decoration-break:clone;box-decoration-break:clone;padding-top:0px;padding-right:0px;padding-bottom:0px;padding-left:0px;}.wp-block-kadence-advancedheading.kt-adv-heading5_8574e6-79 img.kb-inline-image, .wp-block-kadence-advancedheading.kt-adv-heading5_8574e6-79[data-kb-block=\"kb-adv-heading5_8574e6-79\"] img.kb-inline-image{width:150px;vertical-align:baseline;}<\/style>\n<h2 class=\"kt-adv-heading5_8574e6-79 wp-block-kadence-advancedheading\" data-kb-block=\"kb-adv-heading5_8574e6-79\">Datenschutzerkl\u00e4rung<\/h2>\n<\/div><\/div>\n\n<\/div><\/div>\n\n<style>.wp-block-kadence-advancedheading.kt-adv-heading5_3da5be-62, .wp-block-kadence-advancedheading.kt-adv-heading5_3da5be-62[data-kb-block=\"kb-adv-heading5_3da5be-62\"]{font-style:normal;}.wp-block-kadence-advancedheading.kt-adv-heading5_3da5be-62 mark.kt-highlight, .wp-block-kadence-advancedheading.kt-adv-heading5_3da5be-62[data-kb-block=\"kb-adv-heading5_3da5be-62\"] mark.kt-highlight{font-style:normal;color:#f76a0c;-webkit-box-decoration-break:clone;box-decoration-break:clone;padding-top:0px;padding-right:0px;padding-bottom:0px;padding-left:0px;}.wp-block-kadence-advancedheading.kt-adv-heading5_3da5be-62 img.kb-inline-image, .wp-block-kadence-advancedheading.kt-adv-heading5_3da5be-62[data-kb-block=\"kb-adv-heading5_3da5be-62\"] img.kb-inline-image{width:150px;vertical-align:baseline;}<\/style>\n<p class=\"kt-adv-heading5_3da5be-62 wp-block-kadence-advancedheading\" data-kb-block=\"kb-adv-heading5_3da5be-62\"><strong>Datenschutzerkl\u00e4rung \u00d6sterreich<\/strong><br>Wir nehmen den Schutz Ihrer pers\u00f6nlichen Daten sehr ernst und halten uns strikt an die datenschutzrechtlichen Bestimmungen. Wir behandeln Ihre personenbezogenen Daten vertraulich und nutzen diese nur im Rahmen der gesetzlichen Vorschriften. In dieser Datenschutzerkl\u00e4rung informieren wir Sie \u00fcber die Verarbeitung Ihrer personenbezogenen Daten und Ihre Rechte als Betroffener.<br><strong>1. Verantwortlicher<\/strong><br>Verantwortlicher f\u00fcr die Verarbeitung Ihrer personenbezogenen Daten ist:<br>David Labugger &#8211; Zimmerei ist Holzkunst<br>Haselsdorfbergstra\u00dfe 34<br>8144 Tobelbad<br>\u00d6sterreich<br><strong>2. Erhebung und Verarbeitung personenbezogener Daten<\/strong><br>Wir erheben und verarbeiten personenbezogene Daten, die Sie uns freiwillig zur Verf\u00fcgung stellen, beispielsweise wenn Sie mit uns Kontakt aufnehmen. Die erhobenen Daten k\u00f6nnen unter anderem Ihren Namen, Ihre E-Mail-Adresse und Ihre Telefonnummer umfassen.<br><strong>3. Zweck der Datenverarbeitung<\/strong><br>Wir verarbeiten Ihre personenbezogenen Daten zur Durchf\u00fchrung unserer vertraglichen Pflichten, zur Beantwortung Ihrer Anfragen und zur Bereitstellung unserer Online-Dienste.<br><strong>4. \u00dcbermittlung Ihrer Daten<\/strong><br>Ihre personenbezogenen Daten werden ohne Ihre ausdr\u00fcckliche Zustimmung nicht an Dritte weitergegeben, es sei denn, wir sind gesetzlich dazu verpflichtet oder die Weitergabe ist zur Vertragserf\u00fcllung erforderlich.<br><strong>5. Cookies<\/strong><br>Unsere Website verwendet Cookies. Cookies sind kleine Textdateien, die auf Ihrem Endger\u00e4t gespeichert werden und bestimmte Informationen enthalten. Sie dienen dazu, unsere Website nutzerfreundlicher und effektiver zu machen.<br><strong>7. Ihre Rechte<\/strong><br>Sie haben das Recht auf Auskunft \u00fcber die verarbeiteten Daten, auf Berichtigung, L\u00f6schung, Einschr\u00e4nkung der Verarbeitung, Daten\u00fcbertragbarkeit und Widerspruch. Bitte kontaktieren Sie uns dazu \u00fcber die oben angegebenen Kontaktdaten.<br><strong>8. \u00c4nderungen der Datenschutzerkl\u00e4rung<\/strong><br>Wir behalten uns vor, diese Datenschutzerkl\u00e4rung jederzeit anzupassen, damit sie den aktuellen rechtlichen Anforderungen entspricht oder um \u00c4nderungen unserer Leistungen umzusetzen. F\u00fcr Ihren erneuten Besuch gilt dann die neue Datenschutzerkl\u00e4rung.<br><strong>Letzte Aktualisierung: Oktober 2021<\/strong><\/p>\n","protected":false},"excerpt":{"rendered":"<p>Datenschutzerkl\u00e4rung Datenschutzerkl\u00e4rung \u00d6sterreichWir nehmen den Schutz Ihrer pers\u00f6nlichen Daten sehr ernst und halten uns strikt an die datenschutzrechtlichen Bestimmungen. Wir behandeln Ihre personenbezogenen Daten vertraulich und nutzen diese nur im Rahmen der gesetzlichen Vorschriften. In dieser Datenschutzerkl\u00e4rung informieren wir Sie \u00fcber die Verarbeitung Ihrer personenbezogenen Daten und Ihre Rechte als Betroffener.1. VerantwortlicherVerantwortlicher f\u00fcr die Verarbeitung&#8230;<\/p>\n","protected":false},"author":1,"featured_media":0,"parent":0,"menu_order":0,"comment_status":"closed","ping_status":"closed","template":"","meta":{"_kadence_starter_templates_imported_post":false,"_kad_post_transparent":"","_kad_post_title":"","_kad_post_layout":"","_kad_post_sidebar_id":"","_kad_post_content_style":"","_kad_post_vertical_padding":"","_kad_post_feature":"","_kad_post_feature_position":"","_kad_post_header":false,"_kad_post_footer":false,"_kad_post_classname":"","footnotes":""},"class_list":["post-5","page","type-page","status-publish","hentry"],"_links":{"self":[{"href":"https:\/\/zimmereikunst.at\/index.php?rest_route=\/wp\/v2\/pages\/5","targetHints":{"allow":["GET"]}}],"collection":[{"href":"https:\/\/zimmereikunst.at\/index.php?rest_route=\/wp\/v2\/pages"}],"about":[{"href":"https:\/\/zimmereikunst.at\/index.php?rest_route=\/wp\/v2\/types\/page"}],"author":[{"embeddable":true,"href":"https:\/\/zimmereikunst.at\/index.php?rest_route=\/wp\/v2\/users\/1"}],"replies":[{"embeddable":true,"href":"https:\/\/zimmereikunst.at\/index.php?rest_route=%2Fwp%2Fv2%2Fcomments&post=5"}],"version-history":[{"count":1,"href":"https:\/\/zimmereikunst.at\/index.php?rest_route=\/wp\/v2\/pages\/5\/revisions"}],"predecessor-version":[{"id":200,"href":"https:\/\/zimmereikunst.at\/index.php?rest_route=\/wp\/v2\/pages\/5\/revisions\/200"}],"wp:attachment":[{"href":"https:\/\/zimmereikunst.at\/index.php?rest_route=%2Fwp%2Fv2%2Fmedia&parent=5"}],"curies":[{"name":"wp","href":"https:\/\/api.w.org\/{rel}","templated":true}]}}